{"id":21,"date":"2024-02-22T13:28:00","date_gmt":"2024-02-22T13:28:00","guid":{"rendered":"https:\/\/ugcplatforma.lt\/?page_id=21"},"modified":"2024-02-24T13:03:07","modified_gmt":"2024-02-24T13:03:07","slug":"elementor-21","status":"publish","type":"page","link":"https:\/\/ugcplatforma.lt\/?page_id=21","title":{"rendered":"Elementor #21"},"content":{"rendered":"\t\t<div data-elementor-type=\"wp-page\" data-elementor-id=\"21\" class=\"elementor elementor-21\">\n\t\t\t\t<div class=\"elementor-element elementor-element-f8e1b9a e-flex e-con-boxed e-con e-parent\" data-id=\"f8e1b9a\" data-element_type=\"container\">\n\t\t\t\t\t<div class=\"e-con-inner\">\n\t\t\t\t<div class=\"elementor-element elementor-element-bba341a elementor-widget elementor-widget-heading\" data-id=\"bba341a\" data-element_type=\"widget\" data-widget_type=\"heading.default\">\n\t\t\t\t<div class=\"elementor-widget-container\">\n\t\t\t\t\t<h1 class=\"elementor-heading-title elementor-size-default\">Keiskime K\u016br\u0117j\u0173 ir Prek\u0117s \u017denkl\u0173 Bendradarbiavim\u0105.<\/h1>\t\t\t\t<\/div>\n\t\t\t\t<\/div>\n\t\t\t\t<div class=\"elementor-element elementor-element-4dc2b7f elementor-widget__width-initial elementor-widget elementor-widget-text-editor\" data-id=\"4dc2b7f\" data-element_type=\"widget\" data-widget_type=\"text-editor.default\">\n\t\t\t\t<div class=\"elementor-widget-container\">\n\t\t\t\t\t\t\t\t\t<p><span style=\"white-space-collapse: preserve;\">Prisijunk prie m\u016bs\u0173 ir b\u016bk pirmas, kuris i\u0161bandys platform\u0105, skirt\u0105 tiesioginiam bendradarbiavimui tarp k\u016br\u0117j\u0173 ir prek\u0117s \u017eenkl\u0173.<\/span><\/p>\t\t\t\t\t\t\t\t<\/div>\n\t\t\t\t<\/div>\n\t\t\t\t<div class=\"elementor-element elementor-element-5e5e57c elementor-mobile-align-center elementor-align-center elementor-tablet-align-center elementor-widget elementor-widget-button\" data-id=\"5e5e57c\" data-element_type=\"widget\" data-widget_type=\"button.default\">\n\t\t\t\t<div class=\"elementor-widget-container\">\n\t\t\t\t\t\t\t\t\t<div class=\"elementor-button-wrapper\">\n\t\t\t\t\t<a class=\"elementor-button elementor-button-link elementor-size-sm elementor-animation-sink\" href=\"#\">\n\t\t\t\t\t\t<span class=\"elementor-button-content-wrapper\">\n\t\t\t\t\t\t\t\t\t<span class=\"elementor-button-text\">Prisijunk prie laukian\u010di\u0173j\u0173 s\u0105ra\u0161o<\/span>\n\t\t\t\t\t<\/span>\n\t\t\t\t\t<\/a>\n\t\t\t\t<\/div>\n\t\t\t\t\t\t\t\t<\/div>\n\t\t\t\t<\/div>\n\t\t\t\t<div class=\"elementor-element elementor-element-de59589 elementor-widget elementor-widget-text-editor\" data-id=\"de59589\" data-element_type=\"widget\" data-widget_type=\"text-editor.default\">\n\t\t\t\t<div class=\"elementor-widget-container\">\n\t\t\t\t\t\t\t\t\t<p>Prisijunkite nemokamai<\/p>\t\t\t\t\t\t\t\t<\/div>\n\t\t\t\t<\/div>\n\t\t\t\t<div class=\"elementor-element elementor-element-ba899d7 elementor-widget elementor-widget-image\" data-id=\"ba899d7\" data-element_type=\"widget\" data-widget_type=\"image.default\">\n\t\t\t\t<div class=\"elementor-widget-container\">\n\t\t\t\t\t\t\t\t\t\t\t\t\t\t\t<img fetchpriority=\"high\" decoding=\"async\" width=\"897\" height=\"611\" src=\"https:\/\/ugcplatforma.lt\/wp-content\/uploads\/2024\/02\/IMG1.png\" class=\"attachment-large size-large wp-image-29\" alt=\"\" srcset=\"https:\/\/ugcplatforma.lt\/wp-content\/uploads\/2024\/02\/IMG1.png 897w, https:\/\/ugcplatforma.lt\/wp-content\/uploads\/2024\/02\/IMG1-300x204.png 300w, https:\/\/ugcplatforma.lt\/wp-content\/uploads\/2024\/02\/IMG1-768x523.png 768w\" sizes=\"(max-width: 897px) 100vw, 897px\" \/>\t\t\t\t\t\t\t\t\t\t\t\t\t\t\t<\/div>\n\t\t\t\t<\/div>\n\t\t\t\t\t<\/div>\n\t\t\t\t<\/div>\n\t\t<div class=\"elementor-element elementor-element-9efcc91 e-flex e-con-boxed e-con e-parent\" data-id=\"9efcc91\" data-element_type=\"container\">\n\t\t\t\t\t<div class=\"e-con-inner\">\n\t\t\t\t<div class=\"elementor-element elementor-element-326dc0e elementor-widget elementor-widget-heading\" data-id=\"326dc0e\" data-element_type=\"widget\" data-widget_type=\"heading.default\">\n\t\t\t\t<div class=\"elementor-widget-container\">\n\t\t\t\t\t<h2 class=\"elementor-heading-title elementor-size-default\">Kaip tai veikia?<\/h2>\t\t\t\t<\/div>\n\t\t\t\t<\/div>\n\t\t<div class=\"elementor-element elementor-element-50c767e e-flex e-con-boxed e-con e-child\" data-id=\"50c767e\" data-element_type=\"container\">\n\t\t\t\t\t<div class=\"e-con-inner\">\n\t\t<div class=\"elementor-element elementor-element-2606efc e-con-full e-flex e-con e-child\" data-id=\"2606efc\" data-element_type=\"container\">\n\t\t\t\t<div class=\"elementor-element elementor-element-a185a4a elementor-widget elementor-widget-image\" data-id=\"a185a4a\" data-element_type=\"widget\" data-widget_type=\"image.default\">\n\t\t\t\t<div class=\"elementor-widget-container\">\n\t\t\t\t\t\t\t\t\t\t\t\t\t\t\t<img decoding=\"async\" width=\"630\" height=\"388\" src=\"https:\/\/ugcplatforma.lt\/wp-content\/uploads\/2024\/02\/IMG3.png\" class=\"attachment-large size-large wp-image-32\" alt=\"\" srcset=\"https:\/\/ugcplatforma.lt\/wp-content\/uploads\/2024\/02\/IMG3.png 630w, https:\/\/ugcplatforma.lt\/wp-content\/uploads\/2024\/02\/IMG3-300x185.png 300w\" sizes=\"(max-width: 630px) 100vw, 630px\" \/>\t\t\t\t\t\t\t\t\t\t\t\t\t\t\t<\/div>\n\t\t\t\t<\/div>\n\t\t\t\t<div class=\"elementor-element elementor-element-f563810 elementor-widget elementor-widget-heading\" data-id=\"f563810\" data-element_type=\"widget\" data-widget_type=\"heading.default\">\n\t\t\t\t<div class=\"elementor-widget-container\">\n\t\t\t\t\t<h4 class=\"elementor-heading-title elementor-size-default\">Gaukite Apmok\u0117jim\u0105<\/h4>\t\t\t\t<\/div>\n\t\t\t\t<\/div>\n\t\t\t\t<div class=\"elementor-element elementor-element-9714aea elementor-widget elementor-widget-text-editor\" data-id=\"9714aea\" data-element_type=\"widget\" data-widget_type=\"text-editor.default\">\n\t\t\t\t<div class=\"elementor-widget-container\">\n\t\t\t\t\t\t\t\t\t<p>Kai sutartis patvirtinta, dirbkite pagal projekto reikalavimus. Po projekto u\u017ebaigimo ir patvirtinimo, gaukite apmok\u0117jim\u0105 tiesiai \u012f savo s\u0105skait\u0105 i\u0161skai\u010dius tik 20% u\u017e platformos teikiamas paslaugas.<\/p>\t\t\t\t\t\t\t\t<\/div>\n\t\t\t\t<\/div>\n\t\t\t\t<\/div>\n\t\t<div class=\"elementor-element elementor-element-e09e98a e-con-full e-flex e-con e-child\" data-id=\"e09e98a\" data-element_type=\"container\">\n\t\t\t\t<div class=\"elementor-element elementor-element-e9b6529 elementor-widget elementor-widget-image\" data-id=\"e9b6529\" data-element_type=\"widget\" data-widget_type=\"image.default\">\n\t\t\t\t<div class=\"elementor-widget-container\">\n\t\t\t\t\t\t\t\t\t\t\t\t\t\t\t<img decoding=\"async\" width=\"731\" height=\"501\" src=\"https:\/\/ugcplatforma.lt\/wp-content\/uploads\/2024\/02\/IMG1-1.png\" class=\"attachment-large size-large wp-image-31\" alt=\"\" srcset=\"https:\/\/ugcplatforma.lt\/wp-content\/uploads\/2024\/02\/IMG1-1.png 731w, https:\/\/ugcplatforma.lt\/wp-content\/uploads\/2024\/02\/IMG1-1-300x206.png 300w\" sizes=\"(max-width: 731px) 100vw, 731px\" \/>\t\t\t\t\t\t\t\t\t\t\t\t\t\t\t<\/div>\n\t\t\t\t<\/div>\n\t\t\t\t<div class=\"elementor-element elementor-element-a5bd8d5 elementor-widget elementor-widget-heading\" data-id=\"a5bd8d5\" data-element_type=\"widget\" data-widget_type=\"heading.default\">\n\t\t\t\t<div class=\"elementor-widget-container\">\n\t\t\t\t\t<h4 class=\"elementor-heading-title elementor-size-default\">Sudarykite partneryste<\/h4>\t\t\t\t<\/div>\n\t\t\t\t<\/div>\n\t\t\t\t<div class=\"elementor-element elementor-element-da50d32 elementor-widget elementor-widget-text-editor\" data-id=\"da50d32\" data-element_type=\"widget\" data-widget_type=\"text-editor.default\">\n\t\t\t\t<div class=\"elementor-widget-container\">\n\t\t\t\t\t\t\t\t\t<p>Sudarykite sutartis, valdykite projektus ir sekite progres\u0105, viskas vienoje vietoje.<\/p>\t\t\t\t\t\t\t\t<\/div>\n\t\t\t\t<\/div>\n\t\t\t\t<\/div>\n\t\t<div class=\"elementor-element elementor-element-865d8df e-con-full e-flex e-con e-child\" data-id=\"865d8df\" data-element_type=\"container\">\n\t\t\t\t<div class=\"elementor-element elementor-element-8de3ab5 elementor-widget elementor-widget-image\" data-id=\"8de3ab5\" data-element_type=\"widget\" data-widget_type=\"image.default\">\n\t\t\t\t<div class=\"elementor-widget-container\">\n\t\t\t\t\t\t\t\t\t\t\t\t\t\t\t<img loading=\"lazy\" decoding=\"async\" width=\"663\" height=\"387\" src=\"https:\/\/ugcplatforma.lt\/wp-content\/uploads\/2024\/02\/IMG2.png\" class=\"attachment-large size-large wp-image-30\" alt=\"\" srcset=\"https:\/\/ugcplatforma.lt\/wp-content\/uploads\/2024\/02\/IMG2.png 663w, https:\/\/ugcplatforma.lt\/wp-content\/uploads\/2024\/02\/IMG2-300x175.png 300w\" sizes=\"(max-width: 663px) 100vw, 663px\" \/>\t\t\t\t\t\t\t\t\t\t\t\t\t\t\t<\/div>\n\t\t\t\t<\/div>\n\t\t\t\t<div class=\"elementor-element elementor-element-4b9e548 elementor-widget elementor-widget-heading\" data-id=\"4b9e548\" data-element_type=\"widget\" data-widget_type=\"heading.default\">\n\t\t\t\t<div class=\"elementor-widget-container\">\n\t\t\t\t\t<h4 class=\"elementor-heading-title elementor-size-default\">Prisijunkite ir Kurkite Profil\u012f<\/h4>\t\t\t\t<\/div>\n\t\t\t\t<\/div>\n\t\t\t\t<div class=\"elementor-element elementor-element-770bd56 elementor-widget elementor-widget-text-editor\" data-id=\"770bd56\" data-element_type=\"widget\" data-widget_type=\"text-editor.default\">\n\t\t\t\t<div class=\"elementor-widget-container\">\n\t\t\t\t\t\t\t\t\t<p><span style=\"white-space-collapse: preserve;\">U\u017esiregistruokite platformoje ir sukurkite savo profil\u012f, nurodydami savo \u012fg\u016bd\u017eius, patirt\u012f ir darb\u0173 pavyzd\u017eius. Tai suteiks prek\u0117s \u017eenklams galimyb\u0119 jus lengvai atrasti.<\/span><\/p>\t\t\t\t\t\t\t\t<\/div>\n\t\t\t\t<\/div>\n\t\t\t\t<\/div>\n\t\t\t\t\t<\/div>\n\t\t\t\t<\/div>\n\t\t\t\t<div class=\"elementor-element elementor-element-f60745f elementor-mobile-align-center elementor-align-center elementor-widget elementor-widget-button\" data-id=\"f60745f\" data-element_type=\"widget\" data-widget_type=\"button.default\">\n\t\t\t\t<div class=\"elementor-widget-container\">\n\t\t\t\t\t\t\t\t\t<div class=\"elementor-button-wrapper\">\n\t\t\t\t\t<a class=\"elementor-button elementor-button-link elementor-size-sm elementor-animation-sink\" href=\"#\">\n\t\t\t\t\t\t<span class=\"elementor-button-content-wrapper\">\n\t\t\t\t\t\t\t\t\t<span class=\"elementor-button-text\">Gaukite prieig\u0105 pirmieji<\/span>\n\t\t\t\t\t<\/span>\n\t\t\t\t\t<\/a>\n\t\t\t\t<\/div>\n\t\t\t\t\t\t\t\t<\/div>\n\t\t\t\t<\/div>\n\t\t\t\t<div class=\"elementor-element elementor-element-5baedf8 elementor-widget elementor-widget-text-editor\" data-id=\"5baedf8\" data-element_type=\"widget\" data-widget_type=\"text-editor.default\">\n\t\t\t\t<div class=\"elementor-widget-container\">\n\t\t\t\t\t\t\t\t\t<p>Prisijunkite nemokamai<\/p>\t\t\t\t\t\t\t\t<\/div>\n\t\t\t\t<\/div>\n\t\t\t\t\t<\/div>\n\t\t\t\t<\/div>\n\t\t\t\t<\/div>\n\t\t","protected":false},"excerpt":{"rendered":"<p>Keiskime K\u016br\u0117j\u0173 ir Prek\u0117s \u017denkl\u0173 Bendradarbiavim\u0105. Prisijunk prie m\u016bs\u0173 ir b\u016bk pirmas, kuris i\u0161bandys platform\u0105, skirt\u0105 tiesioginiam bendradarbiavimui tarp k\u016br\u0117j\u0173 [&hellip;]<\/p>\n","protected":false},"author":1,"featured_media":0,"parent":0,"menu_order":0,"comment_status":"closed","ping_status":"closed","template":"","meta":{"om_disable_all_campaigns":false,"_monsterinsights_skip_tracking":false,"_monsterinsights_sitenote_active":false,"_monsterinsights_sitenote_note":"","_monsterinsights_sitenote_category":0,"site-sidebar-layout":"no-sidebar","site-content-layout":"","ast-site-content-layout":"full-width-container","site-content-style":"default","site-sidebar-style":"default","ast-global-header-display":"","ast-banner-title-visibility":"","ast-main-header-display":"","ast-hfb-above-header-display":"","ast-hfb-below-header-display":"","ast-hfb-mobile-header-display":"","site-post-title":"disabled","ast-breadcrumbs-content":"","ast-featured-img":"disabled","footer-sml-layout":"","theme-transparent-header-meta":"","adv-header-id-meta":"","stick-header-meta":"","header-above-stick-meta":"","header-main-stick-meta":"","header-below-stick-meta":"","astra-migrate-meta-layouts":"default","ast-page-background-enabled":"default","ast-page-background-meta":{"desktop":{"background-color":"var(--ast-global-color-4)","background-image":"","background-repeat":"repeat","background-position":"center center","background-size":"auto","background-attachment":"scroll","background-type":"","background-media":"","overlay-type":"","overlay-color":"","overlay-gradient":""},"tablet":{"background-color":"","background-image":"","background-repeat":"repeat","background-position":"center center","background-size":"auto","background-attachment":"scroll","background-type":"","background-media":"","overlay-type":"","overlay-color":"","overlay-gradient":""},"mobile":{"background-color":"","background-image":"","background-repeat":"repeat","background-position":"center center","background-size":"auto","background-attachment":"scroll","background-type":"","background-media":"","overlay-type":"","overlay-color":"","overlay-gradient":""}},"ast-content-background-meta":{"desktop":{"background-color":"var(--ast-global-color-5)","background-image":"","background-repeat":"repeat","background-position":"center center","background-size":"auto","background-attachment":"scroll","background-type":"","background-media":"","overlay-type":"","overlay-color":"","overlay-gradient":""},"tablet":{"background-color":"var(--ast-global-color-5)","background-image":"","background-repeat":"repeat","background-position":"center center","background-size":"auto","background-attachment":"scroll","background-type":"","background-media":"","overlay-type":"","overlay-color":"","overlay-gradient":""},"mobile":{"background-color":"var(--ast-global-color-5)","background-image":"","background-repeat":"repeat","background-position":"center center","background-size":"auto","background-attachment":"scroll","background-type":"","background-media":"","overlay-type":"","overlay-color":"","overlay-gradient":""}},"footnotes":""},"class_list":["post-21","page","type-page","status-publish","hentry"],"aioseo_notices":[],"_links":{"self":[{"href":"https:\/\/ugcplatforma.lt\/index.php?rest_route=\/wp\/v2\/pages\/21","targetHints":{"allow":["GET"]}}],"collection":[{"href":"https:\/\/ugcplatforma.lt\/index.php?rest_route=\/wp\/v2\/pages"}],"about":[{"href":"https:\/\/ugcplatforma.lt\/index.php?rest_route=\/wp\/v2\/types\/page"}],"author":[{"embeddable":true,"href":"https:\/\/ugcplatforma.lt\/index.php?rest_route=\/wp\/v2\/users\/1"}],"replies":[{"embeddable":true,"href":"https:\/\/ugcplatforma.lt\/index.php?rest_route=%2Fwp%2Fv2%2Fcomments&post=21"}],"version-history":[{"count":10,"href":"https:\/\/ugcplatforma.lt\/index.php?rest_route=\/wp\/v2\/pages\/21\/revisions"}],"predecessor-version":[{"id":39,"href":"https:\/\/ugcplatforma.lt\/index.php?rest_route=\/wp\/v2\/pages\/21\/revisions\/39"}],"wp:attachment":[{"href":"https:\/\/ugcplatforma.lt\/index.php?rest_route=%2Fwp%2Fv2%2Fmedia&parent=21"}],"curies":[{"name":"wp","href":"https:\/\/api.w.org\/{rel}","templated":true}]}}